{"id":2795,"date":"2023-12-12T00:26:36","date_gmt":"2023-12-11T22:26:36","guid":{"rendered":"https:\/\/assessorialaselva.com\/shop\/?post_type=product&#038;p=2795"},"modified":"2023-12-12T00:27:50","modified_gmt":"2023-12-11T22:27:50","slug":"declaracion-trimestral-iva-modelo-303","status":"publish","type":"product","link":"https:\/\/assessorialaselva.com\/shop\/producto\/declaracion-trimestral-iva-modelo-303\/","title":{"rendered":"DECLARACI\u00d3N TRIMESTRAL IVA &#8211; MODELO 303"},"content":{"rendered":"<p>El Modelo 303 del IVA consiste en el pago fraccionado del IVA, por el que se abona a Hacienda trimestralmente la diferencia entre el IVA repercutido en las facturas de ventas y el Impuesto de Valor A\u00f1adido soportado en facturas de gastos.<\/p>\n<p>\u00bfQu\u00e9 es el Modelo 303?<\/p>\n<p>El Modelo 303 es el pago trimestral fraccionado del IVA. Debe presentarlo cualquier profesional o empresario que desarrolle una actividad sujeta a IVA, independientemente del tipo de empresario (sociedad, aut\u00f3nomo, asociaci\u00f3n, cooperativa, sociedad civil, etc) y del resultado de la declaraci\u00f3n (a ingresar, a cero, negativa a compensar o devolver). Tambi\u00e9n deben presentarlo los arrendadores de inmuebles o bienes y los promotores inmobiliarios.<\/p>\n<p>\u00bfC\u00f3mo se rellena el Modelo 303 del IVA de la AEAT?<\/p>\n<p>Si la actividad del empresario est\u00e1 sujeta a IVA, debe realizar la presentaci\u00f3n del Modelo 303. De car\u00e1cter trimestral, su objetivo es realizar el abono fraccionado a Hacienda del IVA correspondiente, cuya cuant\u00eda queda establecida por la diferencia entre el IVA repercutido y el IVA soportado.<\/p>\n<p>IVA devengado<\/p>\n<p>En primer lugar, tendremos que incluir los ingresos, desglosados del siguiente modo:<\/p>\n<p>1.Se deben incluir las adquisiciones intracomunitarias. Por otro lado, las cuotas autorrepercutidas y las bases se recopilan en una misma casilla.<\/p>\n<p>2. Aquellas operaciones que no son intracomunitarias, que son objeto de inversi\u00f3n del sujeto pasivo deben quedar especificadas.<\/p>\n<p>3.Tanto los cambios en las bases imponibles, como las cuotas de IVA y bases (de manera diferenciada), as\u00ed como el recargo de equivalencia, deben quedar reflejados en la declaraci\u00f3n. Las cuant\u00edas a las que se les adjudica el mismo tipo impositivo quedan agrupadas.<\/p>\n<p>IVA deducible<\/p>\n<p>Estas son las casillas correspondientes al IVA deducible (gastos).  Los aspectos relativos a las operaciones extracomunitarias e intracomunitarias se encuentran en un apartado concreto del modelo, de informaci\u00f3n adicional.<\/p>\n<p>1. De manera separada, deben aparecer los gastos, tanto si su procedencia es intra o extracomunitaria.<\/p>\n<p>2. Las bases y las cuotas de los gastos corrientes deben constar en casillas diferenciadas.<\/p>\n<p>3. Mobiliario, equipamiento inform\u00e1tico\u2026 en definitiva, todos los elementos que constituyen los bienes de inversi\u00f3n se recopilan en casillas diferentes.<\/p>\n<p>4. Posibles modificaciones en las deducciones.<\/p>\n<p>A continuaci\u00f3n se rellenan las casillas correspondientes a los gastos:<br \/>\n-Los gastos corrientes, agrupando las bases en una casilla y las cuotas en otra.<br \/>\n-Los gastos de procedencia intracomunitaria se anotan separadamente. Lo mismo ocurre con los de procedencia extracomunitaria (fuera de la Uni\u00f3n Europea).<br \/>\n-Los bienes de inversi\u00f3n (maquinaria, equipamiento inform\u00e1tico\u2026) se anotan en casillas diferenciadas.<br \/>\n-Las rectificaciones de deducciones aplicadas.<\/p>\n<p>La regularizaci\u00f3n de bienes de inversi\u00f3n y de prorrata. Los bienes de inversi\u00f3n que no permanezcan afectos a la actividad econ\u00f3mica durante 5 a\u00f1os deben regularizarse, practicando un ajuste negativo proporcional al porcentaje de deducci\u00f3n aplicada que no puede incluirse como gasto.<\/p>\n<p>El apartado de informaci\u00f3n adicional es meramente informativo y se refiere a las operaciones intracomunitarias y extracomunitarias, es decir, a lo facturado sin IVA.<\/p>\n<p>Aquellos que facturen a fuera del territorio nacional no tienen que incluir informaci\u00f3n sobre el importe de las ventas y servicios prestados en las casillas ordinarias, al no devengar cuotas del impuesto. Por eso deben informarse en este apartado.<\/p>\n<p>Existen algunos puntos importantes a tener en cuenta:<\/p>\n<p>-El \u00faltimo d\u00eda del plazo puede variar si es s\u00e1bado o festivo, ya que en esos casos se retrasa hasta el siguiente -d\u00eda h\u00e1bil.<br \/>\n-En caso de que el resultado sea positivo y se quiera realizar la presentaci\u00f3n mediante domiciliaci\u00f3n el plazo para hacerlo acaba 5 d\u00edas antes de la fecha indicada.<br \/>\n-En el caso de estar obligado a la presentaci\u00f3n mensual o de haberse acogido al REDEME se debe presentar el AEAT modelo 303 del 1 al 30 del mes siguiente.<br \/>\n-El apartado de informaci\u00f3n adicional es meramente informativo y se refiere a las operaciones intracomunitarias y extracomunitarias, es decir, a lo facturado sin IVA.<br \/>\n-Aquellos que facturen a fuera del territorio nacional no tienen que incluir informaci\u00f3n sobre el importe de las ventas y servicios prestados en las casillas ordinarias, al no devengar cuotas del impuesto. Por eso deben informarse en este apartado.<br \/>\nIVA de gastos<\/p>\n<p>A continuaci\u00f3n rellenaremos las casillas correspondientes al IVA deducible:<\/p>\n<p>1. Los gastos corrientes, agrupando las bases en una casilla y las cuotas en otra.<\/p>\n<p>2. Los gastos de procedencia intracomunitaria se anotan separadamente. Lo mismo ocurre con los de procedencia extracomunitaria (fuera de la Uni\u00f3n Europea).<\/p>\n<p>3. Los bienes de inversi\u00f3n (maquinaria, equipamiento inform\u00e1tico\u2026) se anotan en casillas diferenciadas.<\/p>\n<p>4. Las rectificaciones de deducciones aplicadas.<\/p>\n<p>5. La regularizaci\u00f3n de bienes de inversi\u00f3n y de prorrata. Los bienes de inversi\u00f3n que no permanezcan afectos a la actividad econ\u00f3mica durante 5 a\u00f1os deben regularizarse, practicando un ajuste negativo proporcional al porcentaje de deducci\u00f3n aplicada que no puede incluirse como gasto.<\/p>\n<p>El apartado de informaci\u00f3n adicional es meramente informativo y se refiere a las operaciones intracomunitarias y extracomunitarias, es decir, a lo facturado sin IVA. Aquellos que facturen a fuera del territorio nacional no tienen que incluir informaci\u00f3n sobre el importe de las ventas y servicios prestados en las casillas ordinarias, al no devengar cuotas del impuesto. Por eso deben informarse en este apartado.<\/p>\n<p>Existen algunos puntos importantes a tener en cuenta:<\/p>\n<p>El \u00faltimo d\u00eda del plazo puede variar si es s\u00e1bado o festivo, ya que en esos casos se retrasa hasta el siguiente d\u00eda h\u00e1bil.<br \/>\nEn caso de que el resultado sea positivo y se quiera realizar la presentaci\u00f3n mediante domiciliaci\u00f3n el plazo para hacerlo acaba 5 d\u00edas antes de la fecha indicada<br \/>\nEn el caso de estar obligado a la presentaci\u00f3n mensual o de haberse acogido al REDEME se debe presentar el modelo 303 del 1 al 30 del mes siguiente.<br \/>\n\u00bfCu\u00e1ndo se presenta el modelo 303?<\/p>\n<p>El modelo 303 se presenta trimestralmente, es decir 4 veces al a\u00f1o.<\/p>\n<p>Primer trimestre: del 01 al 20 de abril.<br \/>\nSegundo trimestre: del 01 al 20 de julio.<br \/>\nTercer trimestre: del 01 al 20 de octubre.<br \/>\nCuarto trimestre: del 01 al 30 de enero.<br \/>\n\u00bfC\u00f3mo se presenta el modelo 303?<\/p>\n<p>De acuerdo con la Orden HFP\/1395\/2021, de 9 de diciembre, a partir del 1 de enero de 2023 se suprime la presentaci\u00f3n en papel de este modelo. Su presentaci\u00f3n telem\u00e1tica requiere de DNI electr\u00f3nico o Cl@ve PIN. Est\u00e1n obligados a usar la firma electr\u00f3nica las grandes empresas, los grandes contribuyentes, las sociedades an\u00f3nimas y las de responsabilidad limitada.<\/p>\n<p>Para simplificar la presentaci\u00f3n de este y otros modelos, puedes optar por un software de contabilidad para asesor\u00edas online como a3innuva Contabilidad, que tambi\u00e9n tiene una versi\u00f3n de programa de contabilidad para pymes. Para m\u00e1s informaci\u00f3n puedes visitar las instrucciones para el Modelo 303 en la AEAT.<\/p>\n<p>Novedades del modelo 303 en 2023<\/p>\n<p>Los \u00faltimos cambios relativo al modelo 303, a partir de la Orden HFP\/1124\/2022, son los siguientes:<\/p>\n<p>en la p\u00e1gina 1 se a\u00f1aden casillas para tipo 0% y 5% en R\u00e9gimen General, se le a\u00f1aden nuevas casillas en el Recargo de Equivalencia y se modifica la f\u00f3rmula Total de la cuota devengada.<br \/>\nen la p\u00e1gina 3 se crea una nueva casilla 109 despu\u00e9s de la 70 y se modifica la f\u00f3rmula Resultado. Se reordenan los bloques de Ingresos, devoluci\u00f3n, compensaci\u00f3n quitan los bloques indicados para colocarlos en la p\u00e1g. 6.<br \/>\nen la p\u00e1gina 4 se cambia el literal de la columna B en el bloque de Actividades.<br \/>\nde las 5 p\u00e1ginas que hab\u00eda hasta ahora (m\u00e1s carta de pago) se a\u00f1ade una 6a pagina y desaparece la carta de pago.<br \/>\nAdem\u00e1s de lo anterior, para las autoliquidaciones del modelo 303 del ejercicio 2023 y siguientes, desaparece la presentaci\u00f3n a trav\u00e9s del formulario web, que permite imprimir el modelo para su presentaci\u00f3n en papel \u201cpredeclaraci\u00f3n\u201d. No obstante, y solo para los contribuyentes que hasta ahora han podido utilizar la predeclaraci\u00f3n, se podr\u00e1 obtener e imprimir un documento de ingreso que permitir\u00e1 realizar el pago en una entidad colaboradora.<\/p>\n","protected":false},"excerpt":{"rendered":"<p>Este modelo es un documento con el que los aut\u00f3nomos y profesionales comunican a la Agencia Tributaria el IVA que han recaudado con sus ventas y el que han soportado con sus compras. <\/p>\n<p>Pueden ocurrir dos cosas: que el resultado sea positivo, por lo que el aut\u00f3nomo debe ingresar la diferencia en la Agencia Tributaria o, por otra parte, que sea negativo y se declara de forma trimestral, pues el resultado se compensa en las declaraciones posteriores, salvo en el \u00faltimo trimestre del a\u00f1o, en el que se puede optar por solicitar la devoluci\u00f3n de este importe o compensar el saldo negativo en las liquidaciones posteriores.<\/p>\n<p>Asimismo, hay que saber que el modelo 303 tiene un resumen anual, que es el modelo 390, que deben presentar la mayor\u00eda de los empresarios que presentan el 303. Pero esto es algo que, en estos momentos, solo est\u00e1 destinado a un colectivo muy reducido.<\/p>\n","protected":false},"featured_media":2796,"comment_status":"open","ping_status":"closed","template":"","meta":[],"product_cat":[15],"product_tag":[],"class_list":{"0":"post-2795","1":"product","2":"type-product","3":"status-publish","4":"has-post-thumbnail","6":"product_cat-sin-categorizar","8":"first","9":"instock","10":"virtual","11":"taxable","12":"purchasable","13":"product-type-simple"},"yoast_head":"<!-- This site is optimized with the Yoast SEO plugin v22.3 - https:\/\/yoast.com\/wordpress\/plugins\/seo\/ -->\n<title>DECLARACI\u00d3N TRIMESTRAL IVA - MODELO 303 - Assessoria La Selva, SL<\/title>\n<meta name=\"robots\" content=\"index, follow, max-snippet:-1, max-image-preview:large, max-video-preview:-1\" \/>\n<link rel=\"canonical\" href=\"https:\/\/assessorialaselva.com\/shop\/producto\/declaracion-trimestral-iva-modelo-303\/\" \/>\n<meta property=\"og:locale\" content=\"es_ES\" \/>\n<meta property=\"og:type\" content=\"article\" \/>\n<meta property=\"og:title\" content=\"DECLARACI\u00d3N TRIMESTRAL IVA - MODELO 303 - Assessoria La Selva, SL\" \/>\n<meta property=\"og:description\" content=\"Este modelo es un documento con el que los aut\u00f3nomos y profesionales comunican a la Agencia Tributaria el IVA que han recaudado con sus ventas y el que han soportado con sus compras.   Pueden ocurrir dos cosas: que el resultado sea positivo, por lo que el aut\u00f3nomo debe ingresar la diferencia en la Agencia Tributaria o, por otra parte, que sea negativo y se declara de forma trimestral, pues el resultado se compensa en las declaraciones posteriores, salvo en el \u00faltimo trimestre del a\u00f1o, en el que se puede optar por solicitar la devoluci\u00f3n de este importe o compensar el saldo negativo en las liquidaciones posteriores.  Asimismo, hay que saber que el modelo 303 tiene un resumen anual, que es el modelo 390, que deben presentar la mayor\u00eda de los empresarios que presentan el 303. Pero esto es algo que, en estos momentos, solo est\u00e1 destinado a un colectivo muy reducido.\" \/>\n<meta property=\"og:url\" content=\"https:\/\/assessorialaselva.com\/shop\/producto\/declaracion-trimestral-iva-modelo-303\/\" \/>\n<meta property=\"og:site_name\" content=\"Assessoria La Selva, SL\" \/>\n<meta property=\"article:modified_time\" content=\"2023-12-11T22:27:50+00:00\" \/>\n<meta property=\"og:image\" content=\"http:\/\/assessorialaselva.com\/shop\/wp-content\/uploads\/sites\/5\/2023\/12\/modelo-303-iva-rellenarlo-paso-paso-643x342-2.jpg\" \/>\n\t<meta property=\"og:image:width\" content=\"643\" \/>\n\t<meta property=\"og:image:height\" content=\"342\" \/>\n\t<meta property=\"og:image:type\" content=\"image\/jpeg\" \/>\n<meta name=\"twitter:card\" content=\"summary_large_image\" \/>\n<meta name=\"twitter:label1\" content=\"Tiempo de lectura\" \/>\n\t<meta name=\"twitter:data1\" content=\"6 minutos\" \/>\n<script type=\"application\/ld+json\" class=\"yoast-schema-graph\">{\"@context\":\"https:\/\/schema.org\",\"@graph\":[{\"@type\":\"WebPage\",\"@id\":\"https:\/\/assessorialaselva.com\/shop\/producto\/declaracion-trimestral-iva-modelo-303\/\",\"url\":\"https:\/\/assessorialaselva.com\/shop\/producto\/declaracion-trimestral-iva-modelo-303\/\",\"name\":\"DECLARACI\u00d3N TRIMESTRAL IVA - MODELO 303 - Assessoria La Selva, SL\",\"isPartOf\":{\"@id\":\"https:\/\/assessorialaselva.com\/shop\/#website\"},\"primaryImageOfPage\":{\"@id\":\"https:\/\/assessorialaselva.com\/shop\/producto\/declaracion-trimestral-iva-modelo-303\/#primaryimage\"},\"image\":{\"@id\":\"https:\/\/assessorialaselva.com\/shop\/producto\/declaracion-trimestral-iva-modelo-303\/#primaryimage\"},\"thumbnailUrl\":\"https:\/\/assessorialaselva.com\/shop\/wp-content\/uploads\/sites\/5\/2023\/12\/modelo-303-iva-rellenarlo-paso-paso-643x342-2.jpg\",\"datePublished\":\"2023-12-11T22:26:36+00:00\",\"dateModified\":\"2023-12-11T22:27:50+00:00\",\"breadcrumb\":{\"@id\":\"https:\/\/assessorialaselva.com\/shop\/producto\/declaracion-trimestral-iva-modelo-303\/#breadcrumb\"},\"inLanguage\":\"es\",\"potentialAction\":[{\"@type\":\"ReadAction\",\"target\":[\"https:\/\/assessorialaselva.com\/shop\/producto\/declaracion-trimestral-iva-modelo-303\/\"]}]},{\"@type\":\"ImageObject\",\"inLanguage\":\"es\",\"@id\":\"https:\/\/assessorialaselva.com\/shop\/producto\/declaracion-trimestral-iva-modelo-303\/#primaryimage\",\"url\":\"https:\/\/assessorialaselva.com\/shop\/wp-content\/uploads\/sites\/5\/2023\/12\/modelo-303-iva-rellenarlo-paso-paso-643x342-2.jpg\",\"contentUrl\":\"https:\/\/assessorialaselva.com\/shop\/wp-content\/uploads\/sites\/5\/2023\/12\/modelo-303-iva-rellenarlo-paso-paso-643x342-2.jpg\",\"width\":643,\"height\":342},{\"@type\":\"BreadcrumbList\",\"@id\":\"https:\/\/assessorialaselva.com\/shop\/producto\/declaracion-trimestral-iva-modelo-303\/#breadcrumb\",\"itemListElement\":[{\"@type\":\"ListItem\",\"position\":1,\"name\":\"Inici\",\"item\":\"https:\/\/assessorialaselva.com\/shop\/\"},{\"@type\":\"ListItem\",\"position\":2,\"name\":\"Tienda\",\"item\":\"https:\/\/assessorialaselva.com\/shop\/\"},{\"@type\":\"ListItem\",\"position\":3,\"name\":\"DECLARACI\u00d3N TRIMESTRAL IVA &#8211; MODELO 303\"}]},{\"@type\":\"WebSite\",\"@id\":\"https:\/\/assessorialaselva.com\/shop\/#website\",\"url\":\"https:\/\/assessorialaselva.com\/shop\/\",\"name\":\"Assessoria La Selva, SL\",\"description\":\"La Selva Commerce\",\"potentialAction\":[{\"@type\":\"SearchAction\",\"target\":{\"@type\":\"EntryPoint\",\"urlTemplate\":\"https:\/\/assessorialaselva.com\/shop\/?s={search_term_string}\"},\"query-input\":\"required name=search_term_string\"}],\"inLanguage\":\"es\"}]}<\/script>\n<!-- \/ Yoast SEO plugin. -->","yoast_head_json":{"title":"DECLARACI\u00d3N TRIMESTRAL IVA - MODELO 303 - Assessoria La Selva, SL","robots":{"index":"index","follow":"follow","max-snippet":"max-snippet:-1","max-image-preview":"max-image-preview:large","max-video-preview":"max-video-preview:-1"},"canonical":"https:\/\/assessorialaselva.com\/shop\/producto\/declaracion-trimestral-iva-modelo-303\/","og_locale":"es_ES","og_type":"article","og_title":"DECLARACI\u00d3N TRIMESTRAL IVA - MODELO 303 - Assessoria La Selva, SL","og_description":"Este modelo es un documento con el que los aut\u00f3nomos y profesionales comunican a la Agencia Tributaria el IVA que han recaudado con sus ventas y el que han soportado con sus compras.   Pueden ocurrir dos cosas: que el resultado sea positivo, por lo que el aut\u00f3nomo debe ingresar la diferencia en la Agencia Tributaria o, por otra parte, que sea negativo y se declara de forma trimestral, pues el resultado se compensa en las declaraciones posteriores, salvo en el \u00faltimo trimestre del a\u00f1o, en el que se puede optar por solicitar la devoluci\u00f3n de este importe o compensar el saldo negativo en las liquidaciones posteriores.  Asimismo, hay que saber que el modelo 303 tiene un resumen anual, que es el modelo 390, que deben presentar la mayor\u00eda de los empresarios que presentan el 303. Pero esto es algo que, en estos momentos, solo est\u00e1 destinado a un colectivo muy reducido.","og_url":"https:\/\/assessorialaselva.com\/shop\/producto\/declaracion-trimestral-iva-modelo-303\/","og_site_name":"Assessoria La Selva, SL","article_modified_time":"2023-12-11T22:27:50+00:00","og_image":[{"width":643,"height":342,"url":"http:\/\/assessorialaselva.com\/shop\/wp-content\/uploads\/sites\/5\/2023\/12\/modelo-303-iva-rellenarlo-paso-paso-643x342-2.jpg","type":"image\/jpeg"}],"twitter_card":"summary_large_image","twitter_misc":{"Tiempo de lectura":"6 minutos"},"schema":{"@context":"https:\/\/schema.org","@graph":[{"@type":"WebPage","@id":"https:\/\/assessorialaselva.com\/shop\/producto\/declaracion-trimestral-iva-modelo-303\/","url":"https:\/\/assessorialaselva.com\/shop\/producto\/declaracion-trimestral-iva-modelo-303\/","name":"DECLARACI\u00d3N TRIMESTRAL IVA - MODELO 303 - Assessoria La Selva, SL","isPartOf":{"@id":"https:\/\/assessorialaselva.com\/shop\/#website"},"primaryImageOfPage":{"@id":"https:\/\/assessorialaselva.com\/shop\/producto\/declaracion-trimestral-iva-modelo-303\/#primaryimage"},"image":{"@id":"https:\/\/assessorialaselva.com\/shop\/producto\/declaracion-trimestral-iva-modelo-303\/#primaryimage"},"thumbnailUrl":"https:\/\/assessorialaselva.com\/shop\/wp-content\/uploads\/sites\/5\/2023\/12\/modelo-303-iva-rellenarlo-paso-paso-643x342-2.jpg","datePublished":"2023-12-11T22:26:36+00:00","dateModified":"2023-12-11T22:27:50+00:00","breadcrumb":{"@id":"https:\/\/assessorialaselva.com\/shop\/producto\/declaracion-trimestral-iva-modelo-303\/#breadcrumb"},"inLanguage":"es","potentialAction":[{"@type":"ReadAction","target":["https:\/\/assessorialaselva.com\/shop\/producto\/declaracion-trimestral-iva-modelo-303\/"]}]},{"@type":"ImageObject","inLanguage":"es","@id":"https:\/\/assessorialaselva.com\/shop\/producto\/declaracion-trimestral-iva-modelo-303\/#primaryimage","url":"https:\/\/assessorialaselva.com\/shop\/wp-content\/uploads\/sites\/5\/2023\/12\/modelo-303-iva-rellenarlo-paso-paso-643x342-2.jpg","contentUrl":"https:\/\/assessorialaselva.com\/shop\/wp-content\/uploads\/sites\/5\/2023\/12\/modelo-303-iva-rellenarlo-paso-paso-643x342-2.jpg","width":643,"height":342},{"@type":"BreadcrumbList","@id":"https:\/\/assessorialaselva.com\/shop\/producto\/declaracion-trimestral-iva-modelo-303\/#breadcrumb","itemListElement":[{"@type":"ListItem","position":1,"name":"Inici","item":"https:\/\/assessorialaselva.com\/shop\/"},{"@type":"ListItem","position":2,"name":"Tienda","item":"https:\/\/assessorialaselva.com\/shop\/"},{"@type":"ListItem","position":3,"name":"DECLARACI\u00d3N TRIMESTRAL IVA &#8211; MODELO 303"}]},{"@type":"WebSite","@id":"https:\/\/assessorialaselva.com\/shop\/#website","url":"https:\/\/assessorialaselva.com\/shop\/","name":"Assessoria La Selva, SL","description":"La Selva Commerce","potentialAction":[{"@type":"SearchAction","target":{"@type":"EntryPoint","urlTemplate":"https:\/\/assessorialaselva.com\/shop\/?s={search_term_string}"},"query-input":"required name=search_term_string"}],"inLanguage":"es"}]}},"_links":{"self":[{"href":"https:\/\/assessorialaselva.com\/shop\/wp-json\/wp\/v2\/product\/2795","targetHints":{"allow":["GET"]}}],"collection":[{"href":"https:\/\/assessorialaselva.com\/shop\/wp-json\/wp\/v2\/product"}],"about":[{"href":"https:\/\/assessorialaselva.com\/shop\/wp-json\/wp\/v2\/types\/product"}],"replies":[{"embeddable":true,"href":"https:\/\/assessorialaselva.com\/shop\/wp-json\/wp\/v2\/comments?post=2795"}],"wp:featuredmedia":[{"embeddable":true,"href":"https:\/\/assessorialaselva.com\/shop\/wp-json\/wp\/v2\/media\/2796"}],"wp:attachment":[{"href":"https:\/\/assessorialaselva.com\/shop\/wp-json\/wp\/v2\/media?parent=2795"}],"wp:term":[{"taxonomy":"product_cat","embeddable":true,"href":"https:\/\/assessorialaselva.com\/shop\/wp-json\/wp\/v2\/product_cat?post=2795"},{"taxonomy":"product_tag","embeddable":true,"href":"https:\/\/assessorialaselva.com\/shop\/wp-json\/wp\/v2\/product_tag?post=2795"}],"curies":[{"name":"wp","href":"https:\/\/api.w.org\/{rel}","templated":true}]}}