{"id":5,"date":"2023-12-11T22:52:33","date_gmt":"2023-12-11T20:52:33","guid":{"rendered":"https:\/\/assessorialaselva.com\/shop\/carrito\/"},"modified":"2023-12-11T22:52:33","modified_gmt":"2023-12-11T20:52:33","slug":"carrito","status":"publish","type":"page","link":"https:\/\/assessorialaselva.com\/shop\/carrito\/","title":{"rendered":"Carrito"},"content":{"rendered":"<div data-block-name=\"woocommerce\/cart\" class=\"wp-block-woocommerce-cart alignwide is-loading\"><div data-block-name=\"woocommerce\/filled-cart-block\" class=\"wp-block-woocommerce-filled-cart-block\"><div data-block-name=\"woocommerce\/cart-items-block\" class=\"wp-block-woocommerce-cart-items-block\"><div data-block-name=\"woocommerce\/cart-line-items-block\" class=\"wp-block-woocommerce-cart-line-items-block\"><\/div>\n\n<div data-block-name=\"woocommerce\/cart-cross-sells-block\" class=\"wp-block-woocommerce-cart-cross-sells-block\">\n<h2 class=\"wp-block-heading has-large-font-size\">Puede que te interese\u2026<\/h2>\n\n\n<div data-block-name=\"woocommerce\/cart-cross-sells-products-block\" class=\"wp-block-woocommerce-cart-cross-sells-products-block\"><\/div><\/div><\/div>\n\n<div data-block-name=\"woocommerce\/cart-totals-block\" class=\"wp-block-woocommerce-cart-totals-block\"><div data-block-name=\"woocommerce\/cart-order-summary-block\" class=\"wp-block-woocommerce-cart-order-summary-block\"><div data-block-name=\"woocommerce\/cart-order-summary-heading-block\" class=\"wp-block-woocommerce-cart-order-summary-heading-block\"><\/div>\n\n<div data-block-name=\"woocommerce\/cart-order-summary-coupon-form-block\" class=\"wp-block-woocommerce-cart-order-summary-coupon-form-block\"><\/div>\n\n<div data-block-name=\"woocommerce\/cart-order-summary-subtotal-block\" class=\"wp-block-woocommerce-cart-order-summary-subtotal-block\"><\/div>\n\n<div data-block-name=\"woocommerce\/cart-order-summary-fee-block\" class=\"wp-block-woocommerce-cart-order-summary-fee-block\"><\/div>\n\n<div data-block-name=\"woocommerce\/cart-order-summary-discount-block\" class=\"wp-block-woocommerce-cart-order-summary-discount-block\"><\/div>\n\n<div data-block-name=\"woocommerce\/cart-order-summary-shipping-block\" class=\"wp-block-woocommerce-cart-order-summary-shipping-block\"><\/div>\n\n<div data-block-name=\"woocommerce\/cart-order-summary-taxes-block\" class=\"wp-block-woocommerce-cart-order-summary-taxes-block\"><\/div><\/div>\n\n<div data-block-name=\"woocommerce\/cart-express-payment-block\" class=\"wp-block-woocommerce-cart-express-payment-block\"><\/div>\n\n<div data-block-name=\"woocommerce\/proceed-to-checkout-block\" class=\"wp-block-woocommerce-proceed-to-checkout-block\"><\/div>\n\n<div data-block-name=\"woocommerce\/cart-accepted-payment-methods-block\" class=\"wp-block-woocommerce-cart-accepted-payment-methods-block\"><\/div><\/div><\/div>\n\n<div data-block-name=\"woocommerce\/empty-cart-block\" class=\"wp-block-woocommerce-empty-cart-block\">\n<h2 class=\"wp-block-heading has-text-align-center with-empty-cart-icon wc-block-cart__empty-cart__title\">\u00a1Tu carrito est\u00e1 actualmente vac\u00edo!<\/h2>\n\n\n\n<hr class=\"wp-block-separator has-alpha-channel-opacity is-style-dots\"\/>\n\n\n\n<h2 class=\"wp-block-heading has-text-align-center\">Nuevo en la tienda<\/h2>\n\n\n<div data-block-name=\"woocommerce\/product-new\" data-columns=\"4\" data-rows=\"1\" class=\"wc-block-grid wp-block-product-new wc-block-product-new has-4-columns\"><ul class=\"wc-block-grid__products\"><li class=\"wc-block-grid__product\">\n\t\t\t\t<a href=\"https:\/\/assessorialaselva.com\/shop\/producto\/tramites-con-trafico\/\" class=\"wc-block-grid__product-link\">\n\t\t\t\t\t\n\t\t\t\t\t<div class=\"wc-block-grid__product-image\"><img loading=\"lazy\" decoding=\"async\" width=\"420\" height=\"420\" src=\"https:\/\/assessorialaselva.com\/shop\/wp-content\/uploads\/sites\/5\/2023\/12\/Tramites_para_comprar_un_coche_de_segunda_mano_118f08b6e8-420x420.jpg\" class=\"attachment-woocommerce_thumbnail size-woocommerce_thumbnail\" alt=\"Tr\u00e1mites con Tr\u00e1fico\" srcset=\"https:\/\/assessorialaselva.com\/shop\/wp-content\/uploads\/sites\/5\/2023\/12\/Tramites_para_comprar_un_coche_de_segunda_mano_118f08b6e8-420x420.jpg 420w, https:\/\/assessorialaselva.com\/shop\/wp-content\/uploads\/sites\/5\/2023\/12\/Tramites_para_comprar_un_coche_de_segunda_mano_118f08b6e8-150x150.jpg 150w, https:\/\/assessorialaselva.com\/shop\/wp-content\/uploads\/sites\/5\/2023\/12\/Tramites_para_comprar_un_coche_de_segunda_mano_118f08b6e8-100x100.jpg 100w\" sizes=\"auto, (max-width: 420px) 100vw, 420px\" \/><\/div>\n\t\t\t\t\t<div class=\"wc-block-grid__product-title\">Tr\u00e1mites con Tr\u00e1fico<\/div>\n\t\t\t\t<\/a>\n\t\t\t\t<div class=\"wc-block-grid__product-price price\"><span class=\"woocommerce-Price-amount amount\">160,00&nbsp;<span class=\"woocommerce-Price-currencySymbol\">&euro;<\/span><\/span><\/div>\n\t\t\t\t\n\t\t\t\t<div class=\"wp-block-button wc-block-grid__product-add-to-cart\"><a href=\"?add-to-cart=2837\" aria-label=\"Add to cart: &ldquo;Tr\u00e1mites con Tr\u00e1fico&rdquo;\" data-quantity=\"1\" data-product_id=\"2837\" data-product_sku=\"\" data-price=\"160\" rel=\"nofollow\" class=\"wp-block-button__link  add_to_cart_button ajax_add_to_cart\">Add to cart<\/a><\/div>\n\t\t\t<\/li><li class=\"wc-block-grid__product\">\n\t\t\t\t<a href=\"https:\/\/assessorialaselva.com\/shop\/producto\/__trashed\/\" class=\"wc-block-grid__product-link\">\n\t\t\t\t\t\n\t\t\t\t\t<div class=\"wc-block-grid__product-image\"><img loading=\"lazy\" decoding=\"async\" width=\"420\" height=\"400\" src=\"https:\/\/assessorialaselva.com\/shop\/wp-content\/uploads\/sites\/5\/2023\/12\/documentacion-01-420x400.jpg\" class=\"attachment-woocommerce_thumbnail size-woocommerce_thumbnail\" alt=\"CONFECCI\u00d3N DE DOCUMENTOS LEGALES\" \/><\/div>\n\t\t\t\t\t<div class=\"wc-block-grid__product-title\">CONFECCI\u00d3N DE DOCUMENTOS LEGALES<\/div>\n\t\t\t\t<\/a>\n\t\t\t\t<div class=\"wc-block-grid__product-price price\"><span class=\"woocommerce-Price-amount amount\">95,00&nbsp;<span class=\"woocommerce-Price-currencySymbol\">&euro;<\/span><\/span><\/div>\n\t\t\t\t\n\t\t\t\t<div class=\"wp-block-button wc-block-grid__product-add-to-cart\"><a href=\"?add-to-cart=2834\" aria-label=\"Add to cart: &ldquo;CONFECCI\u00d3N DE DOCUMENTOS LEGALES&rdquo;\" data-quantity=\"1\" data-product_id=\"2834\" data-product_sku=\"\" data-price=\"95\" rel=\"nofollow\" class=\"wp-block-button__link  add_to_cart_button ajax_add_to_cart\">Add to cart<\/a><\/div>\n\t\t\t<\/li><li class=\"wc-block-grid__product\">\n\t\t\t\t<a href=\"https:\/\/assessorialaselva.com\/shop\/producto\/legalizacion-de-libros-contables\/\" class=\"wc-block-grid__product-link\">\n\t\t\t\t\t\n\t\t\t\t\t<div class=\"wc-block-grid__product-image\"><img loading=\"lazy\" decoding=\"async\" width=\"420\" height=\"420\" src=\"https:\/\/assessorialaselva.com\/shop\/wp-content\/uploads\/sites\/5\/2023\/12\/libros-contables-1-420x420.jpg\" class=\"attachment-woocommerce_thumbnail size-woocommerce_thumbnail\" alt=\"LEGALIZACI\u00d3N DE LIBROS CONTABLES\" srcset=\"https:\/\/assessorialaselva.com\/shop\/wp-content\/uploads\/sites\/5\/2023\/12\/libros-contables-1-420x420.jpg 420w, https:\/\/assessorialaselva.com\/shop\/wp-content\/uploads\/sites\/5\/2023\/12\/libros-contables-1-150x150.jpg 150w, https:\/\/assessorialaselva.com\/shop\/wp-content\/uploads\/sites\/5\/2023\/12\/libros-contables-1-100x100.jpg 100w\" sizes=\"auto, (max-width: 420px) 100vw, 420px\" \/><\/div>\n\t\t\t\t\t<div class=\"wc-block-grid__product-title\">LEGALIZACI\u00d3N DE LIBROS CONTABLES<\/div>\n\t\t\t\t<\/a>\n\t\t\t\t<div class=\"wc-block-grid__product-price price\"><span class=\"woocommerce-Price-amount amount\">130,00&nbsp;<span class=\"woocommerce-Price-currencySymbol\">&euro;<\/span><\/span><\/div>\n\t\t\t\t\n\t\t\t\t<div class=\"wp-block-button wc-block-grid__product-add-to-cart\"><a href=\"?add-to-cart=2832\" aria-label=\"Add to cart: &ldquo;LEGALIZACI\u00d3N DE LIBROS CONTABLES&rdquo;\" data-quantity=\"1\" data-product_id=\"2832\" data-product_sku=\"\" data-price=\"130\" rel=\"nofollow\" class=\"wp-block-button__link  add_to_cart_button ajax_add_to_cart\">Add to cart<\/a><\/div>\n\t\t\t<\/li><li class=\"wc-block-grid__product\">\n\t\t\t\t<a href=\"https:\/\/assessorialaselva.com\/shop\/producto\/constitucion-y-disolucio-de-empresas-obtencion-de-licecias-y-gestion-de-subvenciones\/\" class=\"wc-block-grid__product-link\">\n\t\t\t\t\t\n\t\t\t\t\t<div class=\"wc-block-grid__product-image\"><img loading=\"lazy\" decoding=\"async\" width=\"420\" height=\"420\" src=\"https:\/\/assessorialaselva.com\/shop\/wp-content\/uploads\/sites\/5\/2023\/12\/gente-negocios-reunion-420x420.jpg\" class=\"attachment-woocommerce_thumbnail size-woocommerce_thumbnail\" alt=\"CONSTITUCI\u00d3N Y DISOLUCI\u00d3 DE EMPRESAS, OBTENCI\u00d3N DE LICENCIAS Y GESTI\u00d3N DE SUBVENCIONES\" srcset=\"https:\/\/assessorialaselva.com\/shop\/wp-content\/uploads\/sites\/5\/2023\/12\/gente-negocios-reunion-420x420.jpg 420w, https:\/\/assessorialaselva.com\/shop\/wp-content\/uploads\/sites\/5\/2023\/12\/gente-negocios-reunion-150x150.jpg 150w, https:\/\/assessorialaselva.com\/shop\/wp-content\/uploads\/sites\/5\/2023\/12\/gente-negocios-reunion-100x100.jpg 100w\" sizes=\"auto, (max-width: 420px) 100vw, 420px\" \/><\/div>\n\t\t\t\t\t<div class=\"wc-block-grid__product-title\">CONSTITUCI\u00d3N Y DISOLUCI\u00d3 DE EMPRESAS, OBTENCI\u00d3N DE LICENCIAS Y GESTI\u00d3N DE SUBVENCIONES<\/div>\n\t\t\t\t<\/a>\n\t\t\t\t<div class=\"wc-block-grid__product-price price\"><span class=\"woocommerce-Price-amount amount\">115,00&nbsp;<span class=\"woocommerce-Price-currencySymbol\">&euro;<\/span><\/span><\/div>\n\t\t\t\t\n\t\t\t\t<div class=\"wp-block-button wc-block-grid__product-add-to-cart\"><a href=\"?add-to-cart=2830\" aria-label=\"Add to cart: &ldquo;CONSTITUCI\u00d3N Y DISOLUCI\u00d3 DE EMPRESAS, OBTENCI\u00d3N DE LICENCIAS Y GESTI\u00d3N DE SUBVENCIONES&rdquo;\" data-quantity=\"1\" data-product_id=\"2830\" data-product_sku=\"\" data-price=\"115\" rel=\"nofollow\" class=\"wp-block-button__link  add_to_cart_button ajax_add_to_cart\">Add to cart<\/a><\/div>\n\t\t\t<\/li><\/ul><\/div><\/div><\/div>","protected":false},"excerpt":{"rendered":"","protected":false},"author":1,"featured_media":0,"parent":0,"menu_order":0,"comment_status":"closed","ping_status":"closed","template":"","meta":{"footnotes":""},"class_list":["post-5","page","type-page","status-publish","hentry"],"yoast_head":"<!-- This site is optimized with the Yoast SEO plugin v22.3 - https:\/\/yoast.com\/wordpress\/plugins\/seo\/ -->\n<title>Carrito - Assessoria La Selva, SL<\/title>\n<meta name=\"robots\" content=\"index, follow, max-snippet:-1, max-image-preview:large, max-video-preview:-1\" \/>\n<link rel=\"canonical\" href=\"https:\/\/assessorialaselva.com\/shop\/carrito\/\" \/>\n<meta property=\"og:locale\" content=\"es_ES\" \/>\n<meta property=\"og:type\" content=\"article\" \/>\n<meta property=\"og:title\" content=\"Carrito - Assessoria La Selva, SL\" \/>\n<meta property=\"og:url\" content=\"https:\/\/assessorialaselva.com\/shop\/carrito\/\" \/>\n<meta property=\"og:site_name\" content=\"Assessoria La Selva, SL\" \/>\n<meta name=\"twitter:card\" content=\"summary_large_image\" \/>\n<script type=\"application\/ld+json\" class=\"yoast-schema-graph\">{\"@context\":\"https:\/\/schema.org\",\"@graph\":[{\"@type\":\"WebPage\",\"@id\":\"https:\/\/assessorialaselva.com\/shop\/carrito\/\",\"url\":\"https:\/\/assessorialaselva.com\/shop\/carrito\/\",\"name\":\"Carrito - Assessoria La Selva, SL\",\"isPartOf\":{\"@id\":\"https:\/\/assessorialaselva.com\/shop\/#website\"},\"datePublished\":\"2023-12-11T20:52:33+00:00\",\"dateModified\":\"2023-12-11T20:52:33+00:00\",\"breadcrumb\":{\"@id\":\"https:\/\/assessorialaselva.com\/shop\/carrito\/#breadcrumb\"},\"inLanguage\":\"es\",\"potentialAction\":[{\"@type\":\"ReadAction\",\"target\":[\"https:\/\/assessorialaselva.com\/shop\/carrito\/\"]}]},{\"@type\":\"BreadcrumbList\",\"@id\":\"https:\/\/assessorialaselva.com\/shop\/carrito\/#breadcrumb\",\"itemListElement\":[{\"@type\":\"ListItem\",\"position\":1,\"name\":\"Inici\",\"item\":\"https:\/\/assessorialaselva.com\/shop\/\"},{\"@type\":\"ListItem\",\"position\":2,\"name\":\"Carrito\"}]},{\"@type\":\"WebSite\",\"@id\":\"https:\/\/assessorialaselva.com\/shop\/#website\",\"url\":\"https:\/\/assessorialaselva.com\/shop\/\",\"name\":\"Assessoria La Selva, SL\",\"description\":\"La Selva Commerce\",\"potentialAction\":[{\"@type\":\"SearchAction\",\"target\":{\"@type\":\"EntryPoint\",\"urlTemplate\":\"https:\/\/assessorialaselva.com\/shop\/?s={search_term_string}\"},\"query-input\":\"required name=search_term_string\"}],\"inLanguage\":\"es\"}]}<\/script>\n<!-- \/ Yoast SEO plugin. -->","yoast_head_json":{"title":"Carrito - Assessoria La Selva, SL","robots":{"index":"index","follow":"follow","max-snippet":"max-snippet:-1","max-image-preview":"max-image-preview:large","max-video-preview":"max-video-preview:-1"},"canonical":"https:\/\/assessorialaselva.com\/shop\/carrito\/","og_locale":"es_ES","og_type":"article","og_title":"Carrito - Assessoria La Selva, SL","og_url":"https:\/\/assessorialaselva.com\/shop\/carrito\/","og_site_name":"Assessoria La Selva, SL","twitter_card":"summary_large_image","schema":{"@context":"https:\/\/schema.org","@graph":[{"@type":"WebPage","@id":"https:\/\/assessorialaselva.com\/shop\/carrito\/","url":"https:\/\/assessorialaselva.com\/shop\/carrito\/","name":"Carrito - Assessoria La Selva, SL","isPartOf":{"@id":"https:\/\/assessorialaselva.com\/shop\/#website"},"datePublished":"2023-12-11T20:52:33+00:00","dateModified":"2023-12-11T20:52:33+00:00","breadcrumb":{"@id":"https:\/\/assessorialaselva.com\/shop\/carrito\/#breadcrumb"},"inLanguage":"es","potentialAction":[{"@type":"ReadAction","target":["https:\/\/assessorialaselva.com\/shop\/carrito\/"]}]},{"@type":"BreadcrumbList","@id":"https:\/\/assessorialaselva.com\/shop\/carrito\/#breadcrumb","itemListElement":[{"@type":"ListItem","position":1,"name":"Inici","item":"https:\/\/assessorialaselva.com\/shop\/"},{"@type":"ListItem","position":2,"name":"Carrito"}]},{"@type":"WebSite","@id":"https:\/\/assessorialaselva.com\/shop\/#website","url":"https:\/\/assessorialaselva.com\/shop\/","name":"Assessoria La Selva, SL","description":"La Selva Commerce","potentialAction":[{"@type":"SearchAction","target":{"@type":"EntryPoint","urlTemplate":"https:\/\/assessorialaselva.com\/shop\/?s={search_term_string}"},"query-input":"required name=search_term_string"}],"inLanguage":"es"}]}},"_links":{"self":[{"href":"https:\/\/assessorialaselva.com\/shop\/wp-json\/wp\/v2\/pages\/5","targetHints":{"allow":["GET"]}}],"collection":[{"href":"https:\/\/assessorialaselva.com\/shop\/wp-json\/wp\/v2\/pages"}],"about":[{"href":"https:\/\/assessorialaselva.com\/shop\/wp-json\/wp\/v2\/types\/page"}],"author":[{"embeddable":true,"href":"https:\/\/assessorialaselva.com\/shop\/wp-json\/wp\/v2\/users\/1"}],"replies":[{"embeddable":true,"href":"https:\/\/assessorialaselva.com\/shop\/wp-json\/wp\/v2\/comments?post=5"}],"version-history":[{"count":0,"href":"https:\/\/assessorialaselva.com\/shop\/wp-json\/wp\/v2\/pages\/5\/revisions"}],"wp:attachment":[{"href":"https:\/\/assessorialaselva.com\/shop\/wp-json\/wp\/v2\/media?parent=5"}],"curies":[{"name":"wp","href":"https:\/\/api.w.org\/{rel}","templated":true}]}}