{"id":435,"date":"2015-09-06T09:40:28","date_gmt":"2015-09-06T09:40:28","guid":{"rendered":"http:\/\/demo.athemes.com\/sydney\/?page_id=435"},"modified":"2021-11-26T19:52:00","modified_gmt":"2021-11-26T17:52:00","slug":"programacion","status":"publish","type":"page","link":"https:\/\/assessorialaselva.com\/es\/programacion\/","title":{"rendered":"DISE\u00d1O, CONFECCI\u00d3N Y SEO DE P\u00c1GINAS WEB"},"content":{"rendered":"<div id=\"pl-435\"  class=\"panel-layout\" ><div id=\"pg-435-0\"  class=\"panel-grid panel-has-style\" ><div class=\"siteorigin-panels-stretch panel-row-style panel-row-style-for-435-0\" style=\"background-image: url(https:\/\/assessorialaselva.com\/es\/wp-content\/uploads\/sites\/3\/2015\/09\/ipad-605420_1280.jpg);padding: 0px 0; \" data-stretch-type=\"full\" data-hasbg=\"hasbg\" data-overlay=\"true\" ><div id=\"pgc-435-0-0\"  class=\"panel-grid-cell\" ><div id=\"panel-435-0-0-0\" class=\"so-panel widget widget_sydney_action sydney_action_widget panel-first-child\" data-index=\"0\" ><div style=\"text-align: left;\" data-title-color=\"#443f3f\" data-headings-color=\"#443f3f\" class=\"panel-widget-style panel-widget-style-for-435-0-0-0\" >        <div class=\"roll-promobox \">\r\n\t\t\t<div class=\"promo-wrap\">\r\n\t\t\t\t\t\t\t\t<div class=\"promo-content\">\r\n\t\t\t\t\t<h3 class=\"title\"><span style=\"font-size: 38px;color:#f3f3f3;font-weight:800\">NO PARAMOS DE INNOVAR, TENEMOS UN NUEVO SERVICIO PARA TI.\nDISE\u00d1O Y PROGRAMACI\u00d3N DE P\u00c1GINAS WEB\n<\/span><\/h3>\r\n\t\t\t\t<\/div>\r\n\t\t\t\t\t\t\t\t<div class=\"promo-controls\">\r\n\t\t\t\t\t<a href=\"#pg-435-1\" class=\"roll-button border\">M\u00e1s informaci\u00f3n<\/a>\r\n\t\t\t\t<\/div>\r\n\t\t\t<\/div>\r\n        <\/div>\r\n\t<\/div><\/div><div id=\"panel-435-0-0-1\" class=\"so-panel widget widget_sow-image panel-last-child\" data-index=\"1\" ><div style=\"text-align: left;\" data-title-color=\"#443f3f\" data-headings-color=\"#443f3f\" class=\"panel-widget-style panel-widget-style-for-435-0-0-1\" ><div\n\t\t\t\n\t\t\tclass=\"so-widget-sow-image so-widget-sow-image-default-8b5b6f678277-435\"\n\t\t\t\n\t\t>\n\n<div class=\"sow-image-container\">\n\t\t<img loading=\"lazy\" decoding=\"async\" src=\"https:\/\/assessorialaselva.com\/es\/wp-content\/uploads\/sites\/3\/2018\/03\/b3.png\" width=\"800\" height=\"255\" srcset=\"https:\/\/assessorialaselva.com\/es\/wp-content\/uploads\/sites\/3\/2018\/03\/b3.png 800w, https:\/\/assessorialaselva.com\/es\/wp-content\/uploads\/sites\/3\/2018\/03\/b3-300x96.png 300w, https:\/\/assessorialaselva.com\/es\/wp-content\/uploads\/sites\/3\/2018\/03\/b3-768x245.png 768w, https:\/\/assessorialaselva.com\/es\/wp-content\/uploads\/sites\/3\/2018\/03\/b3-24x8.png 24w, https:\/\/assessorialaselva.com\/es\/wp-content\/uploads\/sites\/3\/2018\/03\/b3-36x11.png 36w, https:\/\/assessorialaselva.com\/es\/wp-content\/uploads\/sites\/3\/2018\/03\/b3-48x15.png 48w\" sizes=\"auto, (max-width: 800px) 100vw, 800px\" title=\"Assessoria-la-Selva-Gestoria-Asesoria-fiscal-contable-laboral-seguros-Lloret-de-mar \" alt=\"Gestoria en Lloret de mar; asesoria en Lloret de mar; gestorias en Lloret de mar; asesorias en Lloret de mar; gestories a Lloret de mar; assessories a Lloret de mar; assessoria a Lloret; asesoria la selva; asesoria laboral en lloret de mar; seguros lloret de mar; contable; contabilidad; fiscal; fiscal Lloret de mar; correduria de seguros Lloret de mar; gestor Lloret de mar; asesor Lloret de mar; asesor\u00eda fiscal; gestor\u00eda fiscal;\" \t\tclass=\"so-widget-image\"\/>\n\t<\/div>\n\n<\/div><\/div><\/div><\/div><\/div><\/div><div id=\"pg-435-1\"  class=\"panel-grid panel-has-style\" ><div class=\"siteorigin-panels-stretch panel-row-style panel-row-style-for-435-1\" style=\"padding: 100px 0; \" data-stretch-type=\"full\" data-overlay=\"true\" data-overlay-color=\"#000000\" ><div id=\"pgc-435-1-0\"  class=\"panel-grid-cell\" ><div id=\"panel-435-1-0-0\" class=\"so-panel widget widget_sow-image panel-first-child panel-last-child\" data-index=\"2\" ><div style=\"text-align: left;\" data-title-color=\"#443f3f\" data-headings-color=\"#443f3f\" class=\"panel-widget-style panel-widget-style-for-435-1-0-0\" ><div\n\t\t\t\n\t\t\tclass=\"so-widget-sow-image so-widget-sow-image-default-8b5b6f678277-435\"\n\t\t\t\n\t\t>\n\n<div class=\"sow-image-container\">\n\t\t<img loading=\"lazy\" decoding=\"async\" src=\"https:\/\/assessorialaselva.com\/es\/wp-content\/uploads\/sites\/3\/2015\/09\/assessoria-al-selva-iphone.png\" width=\"348\" height=\"387\" srcset=\"https:\/\/assessorialaselva.com\/es\/wp-content\/uploads\/sites\/3\/2015\/09\/assessoria-al-selva-iphone.png 348w, https:\/\/assessorialaselva.com\/es\/wp-content\/uploads\/sites\/3\/2015\/09\/assessoria-al-selva-iphone-270x300.png 270w, https:\/\/assessorialaselva.com\/es\/wp-content\/uploads\/sites\/3\/2015\/09\/assessoria-al-selva-iphone-22x24.png 22w, https:\/\/assessorialaselva.com\/es\/wp-content\/uploads\/sites\/3\/2015\/09\/assessoria-al-selva-iphone-32x36.png 32w, https:\/\/assessorialaselva.com\/es\/wp-content\/uploads\/sites\/3\/2015\/09\/assessoria-al-selva-iphone-43x48.png 43w\" sizes=\"auto, (max-width: 348px) 100vw, 348px\" title=\"Assessoria-la-Selva-Gestoria-Asesoria-fiscal-contable-laboral-seguros-Lloret-de-mar \" alt=\"Gestoria en Lloret de mar; asesoria en Lloret de mar; gestorias en Lloret de mar; asesorias en Lloret de mar; gestories a Lloret de mar; assessories a Lloret de mar; assessoria a Lloret; asesoria la selva; asesoria laboral en lloret de mar; seguros lloret de mar; contable; contabilidad; fiscal; fiscal Lloret de mar; correduria de seguros Lloret de mar; gestor Lloret de mar; asesor Lloret de mar; asesor\u00eda fiscal; gestor\u00eda fiscal;\" \t\tclass=\"so-widget-image\"\/>\n\t<\/div>\n\n<\/div><\/div><\/div><\/div><div id=\"pgc-435-1-1\"  class=\"panel-grid-cell\" ><div id=\"panel-435-1-1-0\" class=\"so-panel widget widget_list panel-first-child panel-last-child\" data-index=\"3\" ><div style=\"text-align: left;\" data-title-color=\"#443f3f\" data-headings-color=\"#443f3f\" class=\"panel-widget-style panel-widget-style-for-435-1-1-0\" ><h3 class=\"widget-title\">DISE\u00d1O Y PROGRAMACI\u00d3N DE P\u00c1GINAS WEB<\/h3>\r\n\t\t<p>Date a conocer al mundo y no pierdas clientes potenciales. Nos encargamos de todo; del dise\u00f1o, de la programaci\u00f3n y de conseguir el mejor posicionamiento posible en los principales buscadores de Internet.<\/p>\n\t\t<ul class='roll-list'><li>Dise\u00f1o personalizado<\/li><li>Programaci\u00f3n responsive<\/li><li>Alojamiento y dominio<\/li><li>Servicio e-Commerce<\/li><li>Google SEO y posicionamiento web<\/li><\/ul>\n\n\t\t\t\t\r\n\t\t<\/div><\/div><\/div><\/div><\/div><div id=\"pg-435-2\"  class=\"panel-grid panel-has-style\" ><div class=\"siteorigin-panels-stretch panel-row-style panel-row-style-for-435-2\" style=\"color: #ededed;padding: 50px 0; \" data-stretch-type=\"full\" data-hascolor=\"hascolor\" data-overlay=\"true\" ><div id=\"pgc-435-2-0\"  class=\"panel-grid-cell\" ><div id=\"panel-435-2-0-0\" class=\"so-panel widget widget_text panel-first-child panel-last-child\" data-index=\"4\" ><div style=\"text-align: left;\" data-title-color=\"#443f3f\" data-headings-color=\"#443f3f\" class=\"panel-widget-style panel-widget-style-for-435-2-0-0\" >\t\t\t<div class=\"textwidget\"><p>POR QU\u00c9 NECESITO UNA P\u00c1GINA WEB?<\/p>\n<\/div>\n\t\t<\/div><\/div><\/div><div id=\"pgc-435-2-1\"  class=\"panel-grid-cell\" ><div id=\"panel-435-2-1-0\" class=\"so-panel widget widget_sow-editor panel-first-child panel-last-child\" data-index=\"5\" ><div style=\"text-align: left;\" data-title-color=\"#443f3f\" data-headings-color=\"#443f3f\" class=\"panel-widget-style panel-widget-style-for-435-2-1-0\" ><div\n\t\t\t\n\t\t\tclass=\"so-widget-sow-editor so-widget-sow-editor-base\"\n\t\t\t\n\t\t>\n<div class=\"siteorigin-widget-tinymce textwidget\">\n\t<p><u><strong>PARA TENER PRESENCIA EN INTERNET<\/strong>.<\/u><br \/>\nEl mejor escaparate para tu negocio es internet. Independientemente del tipo de producto o servicio que ofrezcas es fundamental tener un escaparate virtual para que tu negocio est\u00e9 a la vista de todos como una empresa seria, fiable y responsable.<\/p>\n<p><u><strong>PARA CONSEGUIR NUEVOS CLIENTES<\/strong><\/u><br \/>\n7 de cada 10 personas aseguran que antes de ponerse en contacto con una empresa previamente visitan su p\u00e1gina web. \u00a1No pierda clientes potenciales!<\/p>\n<p><u><strong>FIDELIZAR A CLIENTES<\/strong><\/u><br \/>\nMediante la web podr\u00e1s informar al instante a los clientes y mantener una comunicaci\u00f3n \u00e1gil, cuesti\u00f3n fundamental para conseguir relaciones comerciales duraderas.<\/p>\n<\/div>\n<\/div><\/div><\/div><\/div><\/div><\/div><div id=\"pg-435-3\"  class=\"panel-grid panel-has-style\" ><div class=\"siteorigin-panels-stretch panel-row-style panel-row-style-for-435-3\" style=\"padding: 100px 0; \" data-stretch-type=\"full\" data-overlay=\"true\" data-overlay-color=\"#000000\" ><div id=\"pgc-435-3-0\"  class=\"panel-grid-cell\" ><div id=\"panel-435-3-0-0\" class=\"so-panel widget widget_sow-editor panel-first-child panel-last-child\" data-index=\"6\" ><div style=\"text-align: left;\" data-title-color=\"#443f3f\" data-headings-color=\"#443f3f\" class=\"panel-widget-style panel-widget-style-for-435-3-0-0\" ><div\n\t\t\t\n\t\t\tclass=\"so-widget-sow-editor so-widget-sow-editor-base\"\n\t\t\t\n\t\t>\n<div class=\"siteorigin-widget-tinymce textwidget\">\n\t<h3 style=\"text-align: center;\"><strong>PIDA PRESUPUESTO SIN COMPROMISO<\/strong><\/h3>\n<p>\u00a0<\/p>\n<p style=\"text-align: center;\">\n<div class=\"wpcf7 no-js\" id=\"wpcf7-f2570-o1\" lang=\"es-ES\" dir=\"ltr\">\n<div class=\"screen-reader-response\"><p role=\"status\" aria-live=\"polite\" aria-atomic=\"true\"><\/p> <ul><\/ul><\/div>\n<form action=\"\/es\/wp-json\/wp\/v2\/pages\/435#wpcf7-f2570-o1\" method=\"post\" class=\"wpcf7-form init wpcf7-acceptance-as-validation\" aria-label=\"Formulario de contacto\" enctype=\"multipart\/form-data\" novalidate=\"novalidate\" data-status=\"init\">\n<div style=\"display: none;\">\n<input type=\"hidden\" name=\"_wpcf7\" value=\"2570\" \/>\n<input type=\"hidden\" name=\"_wpcf7_version\" value=\"5.9.3\" \/>\n<input type=\"hidden\" name=\"_wpcf7_locale\" value=\"es_ES\" \/>\n<input type=\"hidden\" name=\"_wpcf7_unit_tag\" value=\"wpcf7-f2570-o1\" \/>\n<input type=\"hidden\" name=\"_wpcf7_container_post\" value=\"0\" \/>\n<input type=\"hidden\" name=\"_wpcf7_posted_data_hash\" value=\"\" \/>\n<\/div>\n<div class=\"one-half\">\n\t<p><label> <span class=\"wpcf7-form-control-wrap\" data-name=\"your-name\"><input size=\"40\" class=\"wpcf7-form-control wpcf7-text wpcf7-validates-as-required\" aria-required=\"true\" aria-invalid=\"false\" placeholder=\"Nombre y Apellido\" value=\"\" type=\"text\" name=\"your-name\" \/><\/span> <\/label>\n\t<\/p>\n<\/div>\n<div class=\"one-half last\">\n\t<p><label> <span class=\"wpcf7-form-control-wrap\" data-name=\"your-email\"><input size=\"40\" class=\"wpcf7-form-control wpcf7-email wpcf7-validates-as-required wpcf7-text wpcf7-validates-as-email\" aria-required=\"true\" aria-invalid=\"false\" placeholder=\"Email\" value=\"\" type=\"email\" name=\"your-email\" \/><\/span> <\/label>\n\t<\/p>\n<\/div>\n<div class=\"one-half\">\n\t<p><label> <span class=\"wpcf7-form-control-wrap\" data-name=\"your-subject\"><input size=\"40\" class=\"wpcf7-form-control wpcf7-text\" aria-invalid=\"false\" placeholder=\"Asunto\" value=\"\" type=\"text\" name=\"your-subject\" \/><\/span> <\/label>\n\t<\/p>\n<\/div>\n<div class=\"one-half last\">\n\t<p><label> <span class=\"wpcf7-form-control-wrap\" data-name=\"tel-474\"><input size=\"40\" class=\"wpcf7-form-control wpcf7-tel wpcf7-text wpcf7-validates-as-tel\" aria-invalid=\"false\" placeholder=\"Tel\u00e9fono\" value=\"\" type=\"tel\" name=\"tel-474\" \/><\/span> <\/label>\n\t<\/p>\n<\/div>\n<p><label> <span class=\"wpcf7-form-control-wrap\" data-name=\"your-message\"><textarea cols=\"40\" rows=\"10\" class=\"wpcf7-form-control wpcf7-textarea\" aria-invalid=\"false\" placeholder=\"Mensaje\" name=\"your-message\"><\/textarea><\/span> <\/label>\n<\/p>\n<p><label> <span class=\"wpcf7-form-control-wrap\" data-name=\"acceptance-983\"><span class=\"wpcf7-form-control wpcf7-acceptance\"><span class=\"wpcf7-list-item\"><label><input type=\"checkbox\" name=\"acceptance-983\" value=\"1\" aria-invalid=\"false\" \/><span class=\"wpcf7-list-item-label\">Acepto las clausulas de  <a href=\"https:\/\/assessorialaselva.com\/politica-de-privacitat\/\">Pol\u00edtica de Privacidad<\/a><\/span><\/label><\/span><\/span><\/span><\/label>\n<\/p>\n<p><label> <span class=\"wpcf7-form-control-wrap\" data-name=\"file-104\"><input size=\"40\" class=\"wpcf7-form-control wpcf7-file\" accept=\"audio\/*,video\/*,image\/*\" aria-invalid=\"false\" type=\"file\" name=\"file-104\" \/><\/span><\/label>\n<\/p>\n<p><input class=\"wpcf7-form-control wpcf7-submit has-spinner\" type=\"submit\" value=\"Enviar\" \/>\n<\/p><p style=\"display: none !important;\" class=\"akismet-fields-container\" data-prefix=\"_wpcf7_ak_\"><label>&#916;<textarea name=\"_wpcf7_ak_hp_textarea\" cols=\"45\" rows=\"8\" maxlength=\"100\"><\/textarea><\/label><input type=\"hidden\" id=\"ak_js_1\" name=\"_wpcf7_ak_js\" value=\"231\"\/><script>document.getElementById( \"ak_js_1\" ).setAttribute( \"value\", ( new Date() ).getTime() );<\/script><\/p><div class=\"wpcf7-response-output\" aria-hidden=\"true\"><\/div>\n<\/form>\n<\/div>\n<\/p>\n<\/div>\n<\/div><\/div><\/div><\/div><\/div><\/div><\/div>","protected":false},"excerpt":{"rendered":"<p>NO PARAMOS DE INNOVAR, TENEMOS UN NUEVO SERVICIO PARA TI. DISE\u00d1O Y PROGRAMACI\u00d3N DE P\u00c1GINAS WEB M\u00e1s informaci\u00f3n DISE\u00d1O Y PROGRAMACI\u00d3N DE [&hellip;]<\/p>\n","protected":false},"author":1,"featured_media":0,"parent":0,"menu_order":0,"comment_status":"closed","ping_status":"closed","template":"page-templates\/page_front-page.php","meta":{"footnotes":""},"class_list":["post-435","page","type-page","status-publish","hentry"],"yoast_head":"<!-- This site is optimized with the Yoast SEO plugin v22.3 - https:\/\/yoast.com\/wordpress\/plugins\/seo\/ -->\n<title>DISE\u00d1O, CONFECCI\u00d3N Y SEO DE P\u00c1GINAS WEB - SU GESTOR\u00cdA DE CONFIANZA<\/title>\n<meta name=\"description\" content=\"Consultor\u00eda, Fiscal, Laboral, Contable, Mercantil y Seguros. Assessoria la Selva posa a la seva disposici\u00f3 un servei integral d\u2019assessorament, amb la garantia que la seva empresa es trobar\u00e0 protegida en qualsevol \u00e0mbit tributari, fiscal, comptable, laboral, etc. Ens caracteritzem per oferir una atenci\u00f3 personalitzada i adaptada a les noves tecnologies, oferint un servei individualitzat, exemplar a m\u00e9s a m\u00e9s de l&#039;experi\u00e8ncia, el coneixement del negoci i la formaci\u00f3 cont\u00ednua. El conjunt d\u2019aquets factors ens permeten proporcionar un servei global immillorable.\" \/>\n<meta name=\"robots\" content=\"index, follow, max-snippet:-1, max-image-preview:large, max-video-preview:-1\" \/>\n<link rel=\"canonical\" href=\"https:\/\/assessorialaselva.com\/es\/programacion\/\" \/>\n<meta property=\"og:locale\" content=\"es_ES\" \/>\n<meta property=\"og:type\" content=\"article\" \/>\n<meta property=\"og:title\" content=\"DISE\u00d1O, CONFECCI\u00d3N Y SEO DE P\u00c1GINAS WEB - SU GESTOR\u00cdA DE CONFIANZA\" \/>\n<meta property=\"og:description\" content=\"Consultor\u00eda, Fiscal, Laboral, Contable, Mercantil y Seguros. Assessoria la Selva posa a la seva disposici\u00f3 un servei integral d\u2019assessorament, amb la garantia que la seva empresa es trobar\u00e0 protegida en qualsevol \u00e0mbit tributari, fiscal, comptable, laboral, etc. Ens caracteritzem per oferir una atenci\u00f3 personalitzada i adaptada a les noves tecnologies, oferint un servei individualitzat, exemplar a m\u00e9s a m\u00e9s de l&#039;experi\u00e8ncia, el coneixement del negoci i la formaci\u00f3 cont\u00ednua. El conjunt d\u2019aquets factors ens permeten proporcionar un servei global immillorable.\" \/>\n<meta property=\"og:url\" content=\"https:\/\/assessorialaselva.com\/es\/programacion\/\" \/>\n<meta property=\"og:site_name\" content=\"SU GESTOR\u00cdA DE CONFIANZA\" \/>\n<meta property=\"article:modified_time\" content=\"2021-11-26T17:52:00+00:00\" \/>\n<meta name=\"twitter:card\" content=\"summary_large_image\" \/>\n<meta name=\"twitter:label1\" content=\"Tiempo de lectura\" \/>\n\t<meta name=\"twitter:data1\" content=\"1 minuto\" \/>\n<script type=\"application\/ld+json\" class=\"yoast-schema-graph\">{\"@context\":\"https:\/\/schema.org\",\"@graph\":[{\"@type\":\"WebPage\",\"@id\":\"https:\/\/assessorialaselva.com\/es\/programacion\/\",\"url\":\"https:\/\/assessorialaselva.com\/es\/programacion\/\",\"name\":\"DISE\u00d1O, CONFECCI\u00d3N Y SEO DE P\u00c1GINAS WEB - SU GESTOR\u00cdA DE CONFIANZA\",\"isPartOf\":{\"@id\":\"https:\/\/assessorialaselva.com\/es\/#website\"},\"datePublished\":\"2015-09-06T09:40:28+00:00\",\"dateModified\":\"2021-11-26T17:52:00+00:00\",\"description\":\"Consultor\u00eda, Fiscal, Laboral, Contable, Mercantil y Seguros. Assessoria la Selva posa a la seva disposici\u00f3 un servei integral d\u2019assessorament, amb la garantia que la seva empresa es trobar\u00e0 protegida en qualsevol \u00e0mbit tributari, fiscal, comptable, laboral, etc. Ens caracteritzem per oferir una atenci\u00f3 personalitzada i adaptada a les noves tecnologies, oferint un servei individualitzat, exemplar a m\u00e9s a m\u00e9s de l'experi\u00e8ncia, el coneixement del negoci i la formaci\u00f3 cont\u00ednua. El conjunt d\u2019aquets factors ens permeten proporcionar un servei global immillorable.\",\"breadcrumb\":{\"@id\":\"https:\/\/assessorialaselva.com\/es\/programacion\/#breadcrumb\"},\"inLanguage\":\"es\",\"potentialAction\":[{\"@type\":\"ReadAction\",\"target\":[\"https:\/\/assessorialaselva.com\/es\/programacion\/\"]}]},{\"@type\":\"BreadcrumbList\",\"@id\":\"https:\/\/assessorialaselva.com\/es\/programacion\/#breadcrumb\",\"itemListElement\":[{\"@type\":\"ListItem\",\"position\":1,\"name\":\"Inici\",\"item\":\"https:\/\/assessorialaselva.com\/es\/\"},{\"@type\":\"ListItem\",\"position\":2,\"name\":\"DISE\u00d1O, CONFECCI\u00d3N Y SEO DE P\u00c1GINAS WEB\"}]},{\"@type\":\"WebSite\",\"@id\":\"https:\/\/assessorialaselva.com\/es\/#website\",\"url\":\"https:\/\/assessorialaselva.com\/es\/\",\"name\":\"SU GESTOR\u00cdA DE CONFIANZA\",\"description\":\"Consultor\u00eda, Fiscal, Laboral, Contable, Mercantil y Seguros en Lloret de Mar\",\"potentialAction\":[{\"@type\":\"SearchAction\",\"target\":{\"@type\":\"EntryPoint\",\"urlTemplate\":\"https:\/\/assessorialaselva.com\/es\/?s={search_term_string}\"},\"query-input\":\"required name=search_term_string\"}],\"inLanguage\":\"es\"}]}<\/script>\n<!-- \/ Yoast SEO plugin. -->","yoast_head_json":{"title":"DISE\u00d1O, CONFECCI\u00d3N Y SEO DE P\u00c1GINAS WEB - SU GESTOR\u00cdA DE CONFIANZA","description":"Consultor\u00eda, Fiscal, Laboral, Contable, Mercantil y Seguros. Assessoria la Selva posa a la seva disposici\u00f3 un servei integral d\u2019assessorament, amb la garantia que la seva empresa es trobar\u00e0 protegida en qualsevol \u00e0mbit tributari, fiscal, comptable, laboral, etc. Ens caracteritzem per oferir una atenci\u00f3 personalitzada i adaptada a les noves tecnologies, oferint un servei individualitzat, exemplar a m\u00e9s a m\u00e9s de l'experi\u00e8ncia, el coneixement del negoci i la formaci\u00f3 cont\u00ednua. El conjunt d\u2019aquets factors ens permeten proporcionar un servei global immillorable.","robots":{"index":"index","follow":"follow","max-snippet":"max-snippet:-1","max-image-preview":"max-image-preview:large","max-video-preview":"max-video-preview:-1"},"canonical":"https:\/\/assessorialaselva.com\/es\/programacion\/","og_locale":"es_ES","og_type":"article","og_title":"DISE\u00d1O, CONFECCI\u00d3N Y SEO DE P\u00c1GINAS WEB - SU GESTOR\u00cdA DE CONFIANZA","og_description":"Consultor\u00eda, Fiscal, Laboral, Contable, Mercantil y Seguros. Assessoria la Selva posa a la seva disposici\u00f3 un servei integral d\u2019assessorament, amb la garantia que la seva empresa es trobar\u00e0 protegida en qualsevol \u00e0mbit tributari, fiscal, comptable, laboral, etc. Ens caracteritzem per oferir una atenci\u00f3 personalitzada i adaptada a les noves tecnologies, oferint un servei individualitzat, exemplar a m\u00e9s a m\u00e9s de l'experi\u00e8ncia, el coneixement del negoci i la formaci\u00f3 cont\u00ednua. El conjunt d\u2019aquets factors ens permeten proporcionar un servei global immillorable.","og_url":"https:\/\/assessorialaselva.com\/es\/programacion\/","og_site_name":"SU GESTOR\u00cdA DE CONFIANZA","article_modified_time":"2021-11-26T17:52:00+00:00","twitter_card":"summary_large_image","twitter_misc":{"Tiempo de lectura":"1 minuto"},"schema":{"@context":"https:\/\/schema.org","@graph":[{"@type":"WebPage","@id":"https:\/\/assessorialaselva.com\/es\/programacion\/","url":"https:\/\/assessorialaselva.com\/es\/programacion\/","name":"DISE\u00d1O, CONFECCI\u00d3N Y SEO DE P\u00c1GINAS WEB - SU GESTOR\u00cdA DE CONFIANZA","isPartOf":{"@id":"https:\/\/assessorialaselva.com\/es\/#website"},"datePublished":"2015-09-06T09:40:28+00:00","dateModified":"2021-11-26T17:52:00+00:00","description":"Consultor\u00eda, Fiscal, Laboral, Contable, Mercantil y Seguros. Assessoria la Selva posa a la seva disposici\u00f3 un servei integral d\u2019assessorament, amb la garantia que la seva empresa es trobar\u00e0 protegida en qualsevol \u00e0mbit tributari, fiscal, comptable, laboral, etc. Ens caracteritzem per oferir una atenci\u00f3 personalitzada i adaptada a les noves tecnologies, oferint un servei individualitzat, exemplar a m\u00e9s a m\u00e9s de l'experi\u00e8ncia, el coneixement del negoci i la formaci\u00f3 cont\u00ednua. El conjunt d\u2019aquets factors ens permeten proporcionar un servei global immillorable.","breadcrumb":{"@id":"https:\/\/assessorialaselva.com\/es\/programacion\/#breadcrumb"},"inLanguage":"es","potentialAction":[{"@type":"ReadAction","target":["https:\/\/assessorialaselva.com\/es\/programacion\/"]}]},{"@type":"BreadcrumbList","@id":"https:\/\/assessorialaselva.com\/es\/programacion\/#breadcrumb","itemListElement":[{"@type":"ListItem","position":1,"name":"Inici","item":"https:\/\/assessorialaselva.com\/es\/"},{"@type":"ListItem","position":2,"name":"DISE\u00d1O, CONFECCI\u00d3N Y SEO DE P\u00c1GINAS WEB"}]},{"@type":"WebSite","@id":"https:\/\/assessorialaselva.com\/es\/#website","url":"https:\/\/assessorialaselva.com\/es\/","name":"SU GESTOR\u00cdA DE CONFIANZA","description":"Consultor\u00eda, Fiscal, Laboral, Contable, Mercantil y Seguros en Lloret de Mar","potentialAction":[{"@type":"SearchAction","target":{"@type":"EntryPoint","urlTemplate":"https:\/\/assessorialaselva.com\/es\/?s={search_term_string}"},"query-input":"required name=search_term_string"}],"inLanguage":"es"}]}},"_links":{"self":[{"href":"https:\/\/assessorialaselva.com\/es\/wp-json\/wp\/v2\/pages\/435","targetHints":{"allow":["GET"]}}],"collection":[{"href":"https:\/\/assessorialaselva.com\/es\/wp-json\/wp\/v2\/pages"}],"about":[{"href":"https:\/\/assessorialaselva.com\/es\/wp-json\/wp\/v2\/types\/page"}],"author":[{"embeddable":true,"href":"https:\/\/assessorialaselva.com\/es\/wp-json\/wp\/v2\/users\/1"}],"replies":[{"embeddable":true,"href":"https:\/\/assessorialaselva.com\/es\/wp-json\/wp\/v2\/comments?post=435"}],"version-history":[{"count":7,"href":"https:\/\/assessorialaselva.com\/es\/wp-json\/wp\/v2\/pages\/435\/revisions"}],"predecessor-version":[{"id":2710,"href":"https:\/\/assessorialaselva.com\/es\/wp-json\/wp\/v2\/pages\/435\/revisions\/2710"}],"wp:attachment":[{"href":"https:\/\/assessorialaselva.com\/es\/wp-json\/wp\/v2\/media?parent=435"}],"curies":[{"name":"wp","href":"https:\/\/api.w.org\/{rel}","templated":true}]}}