{"id":2741,"date":"2023-12-11T22:56:19","date_gmt":"2023-12-11T20:56:19","guid":{"rendered":"https:\/\/assessorialaselva.com\/es\/mi-cuenta\/"},"modified":"2023-12-11T22:56:19","modified_gmt":"2023-12-11T20:56:19","slug":"mi-cuenta","status":"publish","type":"page","link":"https:\/\/assessorialaselva.com\/es\/mi-cuenta\/","title":{"rendered":"Mi cuenta"},"content":{"rendered":"<div class=\"woocommerce\"><\/div>\n","protected":false},"excerpt":{"rendered":"","protected":false},"author":1,"featured_media":0,"parent":0,"menu_order":0,"comment_status":"closed","ping_status":"closed","template":"","meta":{"footnotes":""},"class_list":["post-2741","page","type-page","status-publish","hentry"],"yoast_head":"<!-- This site is optimized with the Yoast SEO plugin v22.3 - https:\/\/yoast.com\/wordpress\/plugins\/seo\/ -->\n<title>Mi cuenta - SU GESTOR\u00cdA DE CONFIANZA<\/title>\n<meta name=\"description\" content=\"Consultor\u00eda, Fiscal, Laboral, Contable, Mercantil y Seguros. Assessoria la Selva posa a la seva disposici\u00f3 un servei integral d\u2019assessorament, amb la garantia que la seva empresa es trobar\u00e0 protegida en qualsevol \u00e0mbit tributari, fiscal, comptable, laboral, etc. Ens caracteritzem per oferir una atenci\u00f3 personalitzada i adaptada a les noves tecnologies, oferint un servei individualitzat, exemplar a m\u00e9s a m\u00e9s de l&#039;experi\u00e8ncia, el coneixement del negoci i la formaci\u00f3 cont\u00ednua. El conjunt d\u2019aquets factors ens permeten proporcionar un servei global immillorable.\" \/>\n<meta name=\"robots\" content=\"index, follow, max-snippet:-1, max-image-preview:large, max-video-preview:-1\" \/>\n<link rel=\"canonical\" href=\"https:\/\/assessorialaselva.com\/es\/mi-cuenta\/\" \/>\n<meta property=\"og:locale\" content=\"es_ES\" \/>\n<meta property=\"og:type\" content=\"article\" \/>\n<meta property=\"og:title\" content=\"Mi cuenta - SU GESTOR\u00cdA DE CONFIANZA\" \/>\n<meta property=\"og:description\" content=\"Consultor\u00eda, Fiscal, Laboral, Contable, Mercantil y Seguros. Assessoria la Selva posa a la seva disposici\u00f3 un servei integral d\u2019assessorament, amb la garantia que la seva empresa es trobar\u00e0 protegida en qualsevol \u00e0mbit tributari, fiscal, comptable, laboral, etc. Ens caracteritzem per oferir una atenci\u00f3 personalitzada i adaptada a les noves tecnologies, oferint un servei individualitzat, exemplar a m\u00e9s a m\u00e9s de l&#039;experi\u00e8ncia, el coneixement del negoci i la formaci\u00f3 cont\u00ednua. El conjunt d\u2019aquets factors ens permeten proporcionar un servei global immillorable.\" \/>\n<meta property=\"og:url\" content=\"https:\/\/assessorialaselva.com\/es\/mi-cuenta\/\" \/>\n<meta property=\"og:site_name\" content=\"SU GESTOR\u00cdA DE CONFIANZA\" \/>\n<meta name=\"twitter:card\" content=\"summary_large_image\" \/>\n<script type=\"application\/ld+json\" class=\"yoast-schema-graph\">{\"@context\":\"https:\/\/schema.org\",\"@graph\":[{\"@type\":\"WebPage\",\"@id\":\"https:\/\/assessorialaselva.com\/es\/mi-cuenta\/\",\"url\":\"https:\/\/assessorialaselva.com\/es\/mi-cuenta\/\",\"name\":\"Mi cuenta - SU GESTOR\u00cdA DE CONFIANZA\",\"isPartOf\":{\"@id\":\"https:\/\/assessorialaselva.com\/es\/#website\"},\"datePublished\":\"2023-12-11T20:56:19+00:00\",\"dateModified\":\"2023-12-11T20:56:19+00:00\",\"description\":\"Consultor\u00eda, Fiscal, Laboral, Contable, Mercantil y Seguros. Assessoria la Selva posa a la seva disposici\u00f3 un servei integral d\u2019assessorament, amb la garantia que la seva empresa es trobar\u00e0 protegida en qualsevol \u00e0mbit tributari, fiscal, comptable, laboral, etc. Ens caracteritzem per oferir una atenci\u00f3 personalitzada i adaptada a les noves tecnologies, oferint un servei individualitzat, exemplar a m\u00e9s a m\u00e9s de l'experi\u00e8ncia, el coneixement del negoci i la formaci\u00f3 cont\u00ednua. El conjunt d\u2019aquets factors ens permeten proporcionar un servei global immillorable.\",\"breadcrumb\":{\"@id\":\"https:\/\/assessorialaselva.com\/es\/mi-cuenta\/#breadcrumb\"},\"inLanguage\":\"es\",\"potentialAction\":[{\"@type\":\"ReadAction\",\"target\":[\"https:\/\/assessorialaselva.com\/es\/mi-cuenta\/\"]}]},{\"@type\":\"BreadcrumbList\",\"@id\":\"https:\/\/assessorialaselva.com\/es\/mi-cuenta\/#breadcrumb\",\"itemListElement\":[{\"@type\":\"ListItem\",\"position\":1,\"name\":\"Inici\",\"item\":\"https:\/\/assessorialaselva.com\/es\/\"},{\"@type\":\"ListItem\",\"position\":2,\"name\":\"Mi cuenta\"}]},{\"@type\":\"WebSite\",\"@id\":\"https:\/\/assessorialaselva.com\/es\/#website\",\"url\":\"https:\/\/assessorialaselva.com\/es\/\",\"name\":\"SU GESTOR\u00cdA DE CONFIANZA\",\"description\":\"Consultor\u00eda, Fiscal, Laboral, Contable, Mercantil y Seguros en Lloret de Mar\",\"potentialAction\":[{\"@type\":\"SearchAction\",\"target\":{\"@type\":\"EntryPoint\",\"urlTemplate\":\"https:\/\/assessorialaselva.com\/es\/?s={search_term_string}\"},\"query-input\":\"required name=search_term_string\"}],\"inLanguage\":\"es\"}]}<\/script>\n<!-- \/ Yoast SEO plugin. -->","yoast_head_json":{"title":"Mi cuenta - SU GESTOR\u00cdA DE CONFIANZA","description":"Consultor\u00eda, Fiscal, Laboral, Contable, Mercantil y Seguros. Assessoria la Selva posa a la seva disposici\u00f3 un servei integral d\u2019assessorament, amb la garantia que la seva empresa es trobar\u00e0 protegida en qualsevol \u00e0mbit tributari, fiscal, comptable, laboral, etc. Ens caracteritzem per oferir una atenci\u00f3 personalitzada i adaptada a les noves tecnologies, oferint un servei individualitzat, exemplar a m\u00e9s a m\u00e9s de l'experi\u00e8ncia, el coneixement del negoci i la formaci\u00f3 cont\u00ednua. El conjunt d\u2019aquets factors ens permeten proporcionar un servei global immillorable.","robots":{"index":"index","follow":"follow","max-snippet":"max-snippet:-1","max-image-preview":"max-image-preview:large","max-video-preview":"max-video-preview:-1"},"canonical":"https:\/\/assessorialaselva.com\/es\/mi-cuenta\/","og_locale":"es_ES","og_type":"article","og_title":"Mi cuenta - SU GESTOR\u00cdA DE CONFIANZA","og_description":"Consultor\u00eda, Fiscal, Laboral, Contable, Mercantil y Seguros. Assessoria la Selva posa a la seva disposici\u00f3 un servei integral d\u2019assessorament, amb la garantia que la seva empresa es trobar\u00e0 protegida en qualsevol \u00e0mbit tributari, fiscal, comptable, laboral, etc. Ens caracteritzem per oferir una atenci\u00f3 personalitzada i adaptada a les noves tecnologies, oferint un servei individualitzat, exemplar a m\u00e9s a m\u00e9s de l'experi\u00e8ncia, el coneixement del negoci i la formaci\u00f3 cont\u00ednua. El conjunt d\u2019aquets factors ens permeten proporcionar un servei global immillorable.","og_url":"https:\/\/assessorialaselva.com\/es\/mi-cuenta\/","og_site_name":"SU GESTOR\u00cdA DE CONFIANZA","twitter_card":"summary_large_image","schema":{"@context":"https:\/\/schema.org","@graph":[{"@type":"WebPage","@id":"https:\/\/assessorialaselva.com\/es\/mi-cuenta\/","url":"https:\/\/assessorialaselva.com\/es\/mi-cuenta\/","name":"Mi cuenta - SU GESTOR\u00cdA DE CONFIANZA","isPartOf":{"@id":"https:\/\/assessorialaselva.com\/es\/#website"},"datePublished":"2023-12-11T20:56:19+00:00","dateModified":"2023-12-11T20:56:19+00:00","description":"Consultor\u00eda, Fiscal, Laboral, Contable, Mercantil y Seguros. Assessoria la Selva posa a la seva disposici\u00f3 un servei integral d\u2019assessorament, amb la garantia que la seva empresa es trobar\u00e0 protegida en qualsevol \u00e0mbit tributari, fiscal, comptable, laboral, etc. Ens caracteritzem per oferir una atenci\u00f3 personalitzada i adaptada a les noves tecnologies, oferint un servei individualitzat, exemplar a m\u00e9s a m\u00e9s de l'experi\u00e8ncia, el coneixement del negoci i la formaci\u00f3 cont\u00ednua. El conjunt d\u2019aquets factors ens permeten proporcionar un servei global immillorable.","breadcrumb":{"@id":"https:\/\/assessorialaselva.com\/es\/mi-cuenta\/#breadcrumb"},"inLanguage":"es","potentialAction":[{"@type":"ReadAction","target":["https:\/\/assessorialaselva.com\/es\/mi-cuenta\/"]}]},{"@type":"BreadcrumbList","@id":"https:\/\/assessorialaselva.com\/es\/mi-cuenta\/#breadcrumb","itemListElement":[{"@type":"ListItem","position":1,"name":"Inici","item":"https:\/\/assessorialaselva.com\/es\/"},{"@type":"ListItem","position":2,"name":"Mi cuenta"}]},{"@type":"WebSite","@id":"https:\/\/assessorialaselva.com\/es\/#website","url":"https:\/\/assessorialaselva.com\/es\/","name":"SU GESTOR\u00cdA DE CONFIANZA","description":"Consultor\u00eda, Fiscal, Laboral, Contable, Mercantil y Seguros en Lloret de Mar","potentialAction":[{"@type":"SearchAction","target":{"@type":"EntryPoint","urlTemplate":"https:\/\/assessorialaselva.com\/es\/?s={search_term_string}"},"query-input":"required name=search_term_string"}],"inLanguage":"es"}]}},"_links":{"self":[{"href":"https:\/\/assessorialaselva.com\/es\/wp-json\/wp\/v2\/pages\/2741","targetHints":{"allow":["GET"]}}],"collection":[{"href":"https:\/\/assessorialaselva.com\/es\/wp-json\/wp\/v2\/pages"}],"about":[{"href":"https:\/\/assessorialaselva.com\/es\/wp-json\/wp\/v2\/types\/page"}],"author":[{"embeddable":true,"href":"https:\/\/assessorialaselva.com\/es\/wp-json\/wp\/v2\/users\/1"}],"replies":[{"embeddable":true,"href":"https:\/\/assessorialaselva.com\/es\/wp-json\/wp\/v2\/comments?post=2741"}],"version-history":[{"count":0,"href":"https:\/\/assessorialaselva.com\/es\/wp-json\/wp\/v2\/pages\/2741\/revisions"}],"wp:attachment":[{"href":"https:\/\/assessorialaselva.com\/es\/wp-json\/wp\/v2\/media?parent=2741"}],"curies":[{"name":"wp","href":"https:\/\/api.w.org\/{rel}","templated":true}]}}